{"id":58,"date":"2023-12-11T14:21:32","date_gmt":"2023-12-11T13:21:32","guid":{"rendered":"https:\/\/marclh.fr\/vanupieds\/?page_id=58"},"modified":"2024-01-18T14:53:51","modified_gmt":"2024-01-18T13:53:51","slug":"presentation","status":"publish","type":"page","link":"https:\/\/marclh.fr\/vanupieds\/?page_id=58","title":{"rendered":"Pr\u00e9sentation"},"content":{"rendered":"\n<p class=\"has-text-align-center has-medium-font-size\"><strong>LA COMPAGNIE <\/strong><br><strong>\u00ab\u00a0LES VA-NU-PIEDS\u00a0\u00bb<\/strong><\/p>\n\n\n\n<p class=\"has-text-align-center\">pr\u00e9sente<\/p>\n\n\n\n<p class=\"has-text-align-center\" style=\"font-size:40px\"><strong>\u00ab\u00a0LES CHAISES\u00a0\u00bb<\/strong><br>EUG\u00c8NE IONESCO<\/p>\n\n\n\n<p>PERSONNAGES :<\/p>\n\n\n\n<p>LE VIEUX :  C&rsquo;est le mari&#8230; Il a&#8230; !? ans<\/p>\n\n\n\n<p>LA VIELLE :  Son \u00e9pouse&#8230; Elle a&#8230; !? ans<\/p>\n\n\n\n<figure class=\"wp-block-image size-large\"><img loading=\"lazy\" decoding=\"async\" width=\"1024\" height=\"495\" src=\"https:\/\/marclh.fr\/vanupieds\/wp-content\/uploads\/2024\/01\/avec-3-1024x495.jpg\" alt=\"\" class=\"wp-image-234\" srcset=\"https:\/\/marclh.fr\/vanupieds\/wp-content\/uploads\/2024\/01\/avec-3-1024x495.jpg 1024w, https:\/\/marclh.fr\/vanupieds\/wp-content\/uploads\/2024\/01\/avec-3-300x145.jpg 300w, https:\/\/marclh.fr\/vanupieds\/wp-content\/uploads\/2024\/01\/avec-3-768x371.jpg 768w, https:\/\/marclh.fr\/vanupieds\/wp-content\/uploads\/2024\/01\/avec-3.jpg 1366w\" sizes=\"auto, (max-width: 1024px) 100vw, 1024px\" \/><\/figure>\n\n\n\n<p><\/p>\n\n\n\n<p><\/p>\n\n\n\n<p><strong>R\u00e9sum\u00e9 :<\/strong><br>Deux com\u00e9diens nous embarquent dans ce d\u00e9sormais classique d\u2019Eug\u00e8ne Ionesco.<br>Th\u00e9\u00e2tre de l\u2019absurde, num\u00e9ros d\u2019acteurs.<br>Des d\u00e9cennies de vie commune, leur secret pour vaincre l\u2019ennui\u2026 le jeu !!<br>Ce th\u00e9\u00e2tre ne refl\u00e8te pas la r\u00e9alit\u00e9, il sublime le r\u00eave !!<br>Alors r\u00eavons !! (Jean-Luc BORRAS)<\/p>\n\n\n\n<p><\/p>\n\n\n\n<p class=\"has-text-align-center\"><br><br>Mise en sc\u00e8ne et sc\u00e9nographie : Jean-Luc BORRAS<br>D\u00e9cors et costumes : Philippe VARACHE<br>Musique originale : Compos\u00e9e et interpr\u00e9t\u00e9e par MONNA<br>Mixage : Pierre BLAISE<br><br><strong>CR\u00c9ATION<\/strong><br>Saison 2023 &#8211; 2024<br>CONTACT<br>06.60.64.86.09<br>leschaises@spectacleleschaises.fr<\/p>\n\n\n\n<p><\/p>\n\n\n\n<p><\/p>\n\n\n\n<p class=\"has-text-align-center has-medium-font-size\"><\/p>\n","protected":false},"excerpt":{"rendered":"<p>LA COMPAGNIE \u00ab\u00a0LES VA-NU-PIEDS\u00a0\u00bb pr\u00e9sente \u00ab\u00a0LES CHAISES\u00a0\u00bbEUG\u00c8NE IONESCO PERSONNAGES : LE VIEUX : C&rsquo;est le mari&#8230; Il a&#8230; !? ans LA VIELLE : Son \u00e9pouse&#8230; Elle a&#8230; !? ans R\u00e9sum\u00e9 :Deux com\u00e9diens nous embarquent dans ce d\u00e9sormais classique d\u2019Eug\u00e8ne Ionesco.Th\u00e9\u00e2tre de l\u2019absurde, num\u00e9ros d\u2019acteurs.Des d\u00e9cennies de vie commune, leur secret pour vaincre l\u2019ennui\u2026 le jeu&hellip; <a class=\"more-link\" href=\"https:\/\/marclh.fr\/vanupieds\/?page_id=58\">Poursuivre la lecture <span class=\"screen-reader-text\">Pr\u00e9sentation<\/span><\/a><\/p>\n","protected":false},"author":1,"featured_media":0,"parent":0,"menu_order":0,"comment_status":"closed","ping_status":"closed","template":"","meta":{"footnotes":""},"class_list":["post-58","page","type-page","status-publish","hentry","entry"],"_links":{"self":[{"href":"https:\/\/marclh.fr\/vanupieds\/index.php?rest_route=\/wp\/v2\/pages\/58","targetHints":{"allow":["GET"]}}],"collection":[{"href":"https:\/\/marclh.fr\/vanupieds\/index.php?rest_route=\/wp\/v2\/pages"}],"about":[{"href":"https:\/\/marclh.fr\/vanupieds\/index.php?rest_route=\/wp\/v2\/types\/page"}],"author":[{"embeddable":true,"href":"https:\/\/marclh.fr\/vanupieds\/index.php?rest_route=\/wp\/v2\/users\/1"}],"replies":[{"embeddable":true,"href":"https:\/\/marclh.fr\/vanupieds\/index.php?rest_route=%2Fwp%2Fv2%2Fcomments&post=58"}],"version-history":[{"count":12,"href":"https:\/\/marclh.fr\/vanupieds\/index.php?rest_route=\/wp\/v2\/pages\/58\/revisions"}],"predecessor-version":[{"id":246,"href":"https:\/\/marclh.fr\/vanupieds\/index.php?rest_route=\/wp\/v2\/pages\/58\/revisions\/246"}],"wp:attachment":[{"href":"https:\/\/marclh.fr\/vanupieds\/index.php?rest_route=%2Fwp%2Fv2%2Fmedia&parent=58"}],"curies":[{"name":"wp","href":"https:\/\/api.w.org\/{rel}","templated":true}]}}