{"id":61,"date":"2023-12-11T14:33:29","date_gmt":"2023-12-11T13:33:29","guid":{"rendered":"https:\/\/marclh.fr\/vanupieds\/?page_id=61"},"modified":"2024-01-19T12:15:00","modified_gmt":"2024-01-19T11:15:00","slug":"les-comediens","status":"publish","type":"page","link":"https:\/\/marclh.fr\/vanupieds\/?page_id=61","title":{"rendered":"Les Com\u00e9diens"},"content":{"rendered":"\n<p><\/p>\n\n\n\n<div class=\"wp-block-columns is-layout-flex wp-container-core-columns-is-layout-9d6595d7 wp-block-columns-is-layout-flex\">\n<div class=\"wp-block-column is-layout-flow wp-block-column-is-layout-flow\"><\/div>\n\n\n\n<div class=\"wp-block-column is-layout-flow wp-block-column-is-layout-flow\"><\/div>\n<\/div>\n\n\n\n<p><\/p>\n\n\n\n<div class=\"wp-block-group\"><div class=\"wp-block-group__inner-container is-layout-flow wp-block-group-is-layout-flow\">\n<div class=\"wp-block-group\"><div class=\"wp-block-group__inner-container is-layout-flow wp-block-group-is-layout-flow\">\n<figure class=\"wp-block-table aligncenter is-style-stripes\"><table><tbody><tr><td class=\"has-text-align-center\" data-align=\"center\"><img loading=\"lazy\" decoding=\"async\" width=\"200\" height=\"239\" class=\"wp-image-29\" style=\"width: 200px;\" src=\"https:\/\/marclh.fr\/vanupieds\/wp-content\/uploads\/2023\/12\/sophie.jpg\" alt=\"\" srcset=\"https:\/\/marclh.fr\/vanupieds\/wp-content\/uploads\/2023\/12\/sophie.jpg 1911w, https:\/\/marclh.fr\/vanupieds\/wp-content\/uploads\/2023\/12\/sophie-251x300.jpg 251w, https:\/\/marclh.fr\/vanupieds\/wp-content\/uploads\/2023\/12\/sophie-857x1024.jpg 857w, https:\/\/marclh.fr\/vanupieds\/wp-content\/uploads\/2023\/12\/sophie-768x918.jpg 768w, https:\/\/marclh.fr\/vanupieds\/wp-content\/uploads\/2023\/12\/sophie-1285x1536.jpg 1285w, https:\/\/marclh.fr\/vanupieds\/wp-content\/uploads\/2023\/12\/sophie-1714x2048.jpg 1714w, https:\/\/marclh.fr\/vanupieds\/wp-content\/uploads\/2023\/12\/sophie-1568x1874.jpg 1568w\" sizes=\"auto, (max-width: 200px) 100vw, 200px\" \/><\/td><td>&nbsp;<\/td><td class=\"has-text-align-center\" data-align=\"center\"><img loading=\"lazy\" decoding=\"async\" width=\"200\" height=\"235\" class=\"wp-image-30\" style=\"width: 200px;\" src=\"https:\/\/marclh.fr\/vanupieds\/wp-content\/uploads\/2023\/12\/david.jpg\" alt=\"\" srcset=\"https:\/\/marclh.fr\/vanupieds\/wp-content\/uploads\/2023\/12\/david.jpg 568w, https:\/\/marclh.fr\/vanupieds\/wp-content\/uploads\/2023\/12\/david-255x300.jpg 255w\" sizes=\"auto, (max-width: 200px) 100vw, 200px\" \/><\/td><\/tr><tr><td class=\"has-text-align-center\" data-align=\"center\"><strong>Sophie TOSSUT<\/strong><br><a href=\"https:\/\/www.canva.com\/design\/DAFXLt_JE1c\/Qc1fYF7qiNZSyHDiNObUmA\/view\" data-type=\"link\" data-id=\"https:\/\/www.canva.com\/design\/DAFXLt_JE1c\/Qc1fYF7qiNZSyHDiNObUmA\/view\" target=\"_blank\" rel=\"noreferrer noopener\">C.V. Sophie<\/a><\/td><td>&nbsp;<\/td><td class=\"has-text-align-center\" data-align=\"center\"><strong>David SENIORIS<\/strong><br><a href=\"https:\/\/www.canva.com\/design\/DAFS3ajv52k\/udx-ktstKHqsUFtXVMQ-PQ\/view?utm_content=DAFS3ajv52k&amp;utm_campaign=designshare&amp;utm_medium=link2&amp;utm_source=sharebutton\" data-type=\"link\" data-id=\"https:\/\/www.canva.com\/design\/DAFS3ajv52k\/udx-ktstKHqsUFtXVMQ-PQ\/view?utm_content=DAFS3ajv52k&amp;utm_campaign=designshare&amp;utm_medium=link2&amp;utm_source=sharebutton\" target=\"_blank\" rel=\"noreferrer noopener\">C.V. David<\/a><br><\/td><\/tr><\/tbody><\/table><\/figure>\n<\/div><\/div>\n<\/div><\/div>\n\n\n\n<p>\u00c9tablis sur la commune de Pornic, Sophie Tossut et David S\u00e9nioris cr\u00e9ent la compagnie \u00ab\u00a0Les va-nu-pieds\u00a0\u00bb en 2014. Ils se produisent r\u00e9guli\u00e8rement \u00e0 la \u00a0\u00bb Grange des Brefs\u00a0\u00bb , chez monsieur Eric Chartier\u2026 Ils multiplient les r\u00e9sidences dans d&rsquo;autres espaces sc\u00e9niques tels que : le th\u00e9\u00e2tre de Pr\u00e9failles,&nbsp; l\u2019amphith\u00e9\u00e2tre de Narcejac \u00e0 Pornic, l&rsquo;esplanade de la Ria, sc\u00e8ne de plein air et les Parenth\u00e8ses de Pornic, \u00a0\u00bbLa Rigot\u00a0\u00bb \u00e0 Orvault puis derni\u00e8rement dans un seul en sc\u00e8ne de et avec David S\u00e9nioris \u00e0 la guinguette de la Bernerie en Retz\u2026 La compagnie tient \u00e0 soutenir les actions aupr\u00e8s du public et solidaire (spectacle donn\u00e9 en faveur des restos du c\u0153ur)\u2026 Ils repartent \u00e9tay\u00e9s par l&rsquo;amour ind\u00e9fectible du plateau pour une nouvelle aventure dans l&rsquo;univers de Ionesco avec la pi\u00e8ce \u00ab\u00a0Les Chaises\u00a0\u00bb.<\/p>\n\n\n\n<p class=\"has-medium-font-size\"><\/p>\n\n\n\n<div class=\"wp-block-columns is-layout-flex wp-container-core-columns-is-layout-9d6595d7 wp-block-columns-is-layout-flex\">\n<div class=\"wp-block-column is-layout-flow wp-block-column-is-layout-flow\"><\/div>\n\n\n\n<div class=\"wp-block-column is-layout-flow wp-block-column-is-layout-flow\"><\/div>\n<\/div>\n\n\n\n<div class=\"wp-block-columns is-layout-flex wp-container-core-columns-is-layout-9d6595d7 wp-block-columns-is-layout-flex\">\n<div class=\"wp-block-column is-layout-flow wp-block-column-is-layout-flow\" style=\"flex-basis:100%\">\n<figure class=\"wp-block-gallery aligncenter has-nested-images columns-default is-cropped wp-block-gallery-1 is-layout-flex wp-block-gallery-is-layout-flex\">\n<figure class=\"wp-block-image size-large\"><img loading=\"lazy\" decoding=\"async\" width=\"1024\" height=\"768\" data-id=\"40\" src=\"https:\/\/marclh.fr\/vanupieds\/wp-content\/uploads\/2023\/12\/IMG_20230715_220510-1024x768.jpg\" alt=\"\" class=\"wp-image-40\" srcset=\"https:\/\/marclh.fr\/vanupieds\/wp-content\/uploads\/2023\/12\/IMG_20230715_220510-1024x768.jpg 1024w, https:\/\/marclh.fr\/vanupieds\/wp-content\/uploads\/2023\/12\/IMG_20230715_220510-300x225.jpg 300w, https:\/\/marclh.fr\/vanupieds\/wp-content\/uploads\/2023\/12\/IMG_20230715_220510-768x576.jpg 768w, https:\/\/marclh.fr\/vanupieds\/wp-content\/uploads\/2023\/12\/IMG_20230715_220510-1536x1152.jpg 1536w, https:\/\/marclh.fr\/vanupieds\/wp-content\/uploads\/2023\/12\/IMG_20230715_220510-2048x1536.jpg 2048w, https:\/\/marclh.fr\/vanupieds\/wp-content\/uploads\/2023\/12\/IMG_20230715_220510-1568x1176.jpg 1568w\" sizes=\"auto, (max-width: 1024px) 100vw, 1024px\" \/><\/figure>\n\n\n\n<figure class=\"wp-block-image size-large\"><img loading=\"lazy\" decoding=\"async\" width=\"1024\" height=\"768\" data-id=\"39\" src=\"https:\/\/marclh.fr\/vanupieds\/wp-content\/uploads\/2023\/12\/IMG_20230715_220535-1024x768.jpg\" alt=\"\" class=\"wp-image-39\" srcset=\"https:\/\/marclh.fr\/vanupieds\/wp-content\/uploads\/2023\/12\/IMG_20230715_220535-1024x768.jpg 1024w, https:\/\/marclh.fr\/vanupieds\/wp-content\/uploads\/2023\/12\/IMG_20230715_220535-300x225.jpg 300w, https:\/\/marclh.fr\/vanupieds\/wp-content\/uploads\/2023\/12\/IMG_20230715_220535-768x576.jpg 768w, https:\/\/marclh.fr\/vanupieds\/wp-content\/uploads\/2023\/12\/IMG_20230715_220535-1536x1152.jpg 1536w, https:\/\/marclh.fr\/vanupieds\/wp-content\/uploads\/2023\/12\/IMG_20230715_220535-2048x1536.jpg 2048w, https:\/\/marclh.fr\/vanupieds\/wp-content\/uploads\/2023\/12\/IMG_20230715_220535-1568x1176.jpg 1568w\" sizes=\"auto, (max-width: 1024px) 100vw, 1024px\" \/><\/figure>\n<\/figure>\n<\/div>\n<\/div>\n","protected":false},"excerpt":{"rendered":"<p>&nbsp; Sophie TOSSUTC.V. Sophie &nbsp; David SENIORISC.V. David \u00c9tablis sur la commune de Pornic, Sophie Tossut et David S\u00e9nioris cr\u00e9ent la compagnie \u00ab\u00a0Les va-nu-pieds\u00a0\u00bb en 2014. Ils se produisent r\u00e9guli\u00e8rement \u00e0 la \u00a0\u00bb Grange des Brefs\u00a0\u00bb , chez monsieur Eric Chartier\u2026 Ils multiplient les r\u00e9sidences dans d&rsquo;autres espaces sc\u00e9niques tels que : le th\u00e9\u00e2tre de&hellip; <a class=\"more-link\" href=\"https:\/\/marclh.fr\/vanupieds\/?page_id=61\">Poursuivre la lecture <span class=\"screen-reader-text\">Les Com\u00e9diens<\/span><\/a><\/p>\n","protected":false},"author":2,"featured_media":0,"parent":0,"menu_order":0,"comment_status":"closed","ping_status":"closed","template":"","meta":{"footnotes":""},"class_list":["post-61","page","type-page","status-publish","hentry","entry"],"_links":{"self":[{"href":"https:\/\/marclh.fr\/vanupieds\/index.php?rest_route=\/wp\/v2\/pages\/61","targetHints":{"allow":["GET"]}}],"collection":[{"href":"https:\/\/marclh.fr\/vanupieds\/index.php?rest_route=\/wp\/v2\/pages"}],"about":[{"href":"https:\/\/marclh.fr\/vanupieds\/index.php?rest_route=\/wp\/v2\/types\/page"}],"author":[{"embeddable":true,"href":"https:\/\/marclh.fr\/vanupieds\/index.php?rest_route=\/wp\/v2\/users\/2"}],"replies":[{"embeddable":true,"href":"https:\/\/marclh.fr\/vanupieds\/index.php?rest_route=%2Fwp%2Fv2%2Fcomments&post=61"}],"version-history":[{"count":9,"href":"https:\/\/marclh.fr\/vanupieds\/index.php?rest_route=\/wp\/v2\/pages\/61\/revisions"}],"predecessor-version":[{"id":252,"href":"https:\/\/marclh.fr\/vanupieds\/index.php?rest_route=\/wp\/v2\/pages\/61\/revisions\/252"}],"wp:attachment":[{"href":"https:\/\/marclh.fr\/vanupieds\/index.php?rest_route=%2Fwp%2Fv2%2Fmedia&parent=61"}],"curies":[{"name":"wp","href":"https:\/\/api.w.org\/{rel}","templated":true}]}}