{"id":63,"date":"2023-12-11T14:37:09","date_gmt":"2023-12-11T13:37:09","guid":{"rendered":"https:\/\/marclh.fr\/vanupieds\/?page_id=63"},"modified":"2024-01-18T14:51:20","modified_gmt":"2024-01-18T13:51:20","slug":"mise-en-scene","status":"publish","type":"page","link":"https:\/\/marclh.fr\/vanupieds\/?page_id=63","title":{"rendered":"Mise en sc\u00e8ne et sc\u00e9nographie"},"content":{"rendered":"\n<p><strong>Note d\u2019intentions mise en sc\u00e8ne<\/strong><\/p>\n\n\n\n<p>Ionesco n\u2019arrive jamais par hasard dans un parcours artistique, il est la confluence d\u2019un d\u00e9sir, de rencontres, d\u2019une opportunit\u00e9 (quasi mystique) et finalement d\u2019une \u00e9vidence !<br> Deux personnages d\u00e9sesp\u00e9r\u00e9s, des v\u00e9rit\u00e9s insoup\u00e7onn\u00e9es, une histoire d\u2019amour perp\u00e9tuelle \u2026 Voila les pistes de travail sugg\u00e9r\u00e9es aux com\u00e9diens.<br> Soyez justes dans l\u2019absurde pour th\u00e9\u00e2traliser un quotidien improbable !<br> Soyez sinc\u00e8res dans vos mensonges conscients ou pas !<br> Soyez virtuoses pour mat\u00e9rialiser ces \u00eatres dans leur touchante humanit\u00e9\u2026<br> Prenez les spectateurs par l\u2019\u00e9motion et\/ou l\u2019humour pour partager le plaisir du jeu qui enrichit.<br> Quelques lignes pour r\u00e9sumer \u00ab&nbsp;Les chaises&nbsp;\u00bb de Ionesco ?<br> En confidence, je vais partager l\u2019histoire que j\u2019ai racont\u00e9 aux deux acteurs pour les aider \u00e0 m\u00e9moriser ce texte surr\u00e9aliste.<br> \u00ab Le jour de leur noces leur bateau a sombr\u00e9\u2026 L\u2019amour miraculeusement les a conserv\u00e9s dans les limbes o\u00f9, depuis des d\u00e9cennies, ils jouent, se(re)s\u00e9duisent et imaginent comment ils auraient pu changer le monde s\u2019ils \u00e9taient rest\u00e9s parmi nous.\u00bb<br> Chers spectateurs ce th\u00e9\u00e2tre ne r\u00e9fl\u00e9chit pas la r\u00e9alit\u00e9 il sublime le r\u00eave \u2026<br> Alors r\u00eavez !<\/p>\n\n\n<div class=\"wp-block-image\">\n<figure class=\"aligncenter size-full is-resized\"><img loading=\"lazy\" decoding=\"async\" width=\"333\" height=\"415\" src=\"https:\/\/marclh.fr\/vanupieds\/wp-content\/uploads\/2023\/12\/borras.jpg\" alt=\"\" class=\"wp-image-28\" style=\"width:277px;height:auto\" srcset=\"https:\/\/marclh.fr\/vanupieds\/wp-content\/uploads\/2023\/12\/borras.jpg 333w, https:\/\/marclh.fr\/vanupieds\/wp-content\/uploads\/2023\/12\/borras-241x300.jpg 241w\" sizes=\"auto, (max-width: 333px) 100vw, 333px\" \/><\/figure>\n<\/div>\n\n\n<p class=\"has-text-align-center\"><strong>Jean-Luc BORRAS<\/strong><br><strong><a href=\"https:\/\/www.agencesartistiques.com\/Fiche-Artiste\/626282-jean-luc-borras.html\" target=\"_blank\" rel=\"noreferrer noopener\">C.V. Jean-Luc<\/a><\/strong><\/p>\n\n\n\n<p class=\"has-text-align-center has-medium-font-size\"><strong>EUGENE IONESCO<\/strong><\/p>\n\n\n\n<p class=\"has-text-align-left\">Dramaturge roumain (1909\/1994), a \u00e9crit de nombreuses pi\u00e8ces, chroniques litt\u00e9raires et textes critiques mais \u00e9galement des po\u00e8mes et un roman \u00ab\u00a0Le solitaire\u00a0\u00bb.<br>Sa premi\u00e8re \u0153uvre dramatique, La Cantatrice Chauve, va marquer durablement le th\u00e9\u00e2tre contemporain faisant d&rsquo;Eug\u00e8ne Ionesco le chef de file du \u00ab th\u00e9\u00e2tre de l&rsquo;absurde \u00bb. A propos de \u00a0\u00bbLes Chaises\u00a0\u00bb , cr\u00e9\u00e9e en 1952, il confie,\u00a0\u00bb la conception de la pi\u00e8ce rel\u00e8ve \u00e0 l&rsquo;origine d&rsquo;une image visuelle\u00a0\u00bb??? : \u00a0\u00bb Lorsque j&rsquo;ai \u00e9crit \u00a0\u00bb Les Chaises \u00a0\u00bb, j&rsquo;ai d&rsquo;abord eu l&rsquo;image de chaises sur le plateau vide\u2026 Les chaises arrivant \u00e0 toute vitesse et de plus en plus vite constituaient l&rsquo;image centrale\u00a0\u00bb.<br>A travers ces personnages il nous livre ses fantasmes et ses tourments, ses sentiments d&rsquo;\u00e9checs et de frustrations. Hantise de la vieillesse, \u00e9chec de la vie.<br>Nous avons tous peur d&rsquo;avoir rat\u00e9 notre vie \u00bb. Nostalgie essentielle, celle de l&rsquo;\u00e2ge d&rsquo;or, de l&rsquo;enfance, ignorant la peur de la d\u00e9ch\u00e9ance et de la mort, Ionesco, nous tra\u00eene, nous entra\u00eene dans un tourbillon silencieux o\u00f9 l&rsquo;assourdissante m\u00e9lop\u00e9e du rien s&rsquo;acc\u00e9l\u00e8re puis s&rsquo;ach\u00e8ve dans les tr\u00e9fonds de l&rsquo;absurdit\u00e9 humaine.<\/p>\n\n\n\n<p class=\"has-medium-font-size\"><strong>Pourquoi \u00ab\u00a0les chaises\u00a0\u00bb ?<\/strong><\/p>\n\n\n\n<p>Dans le paysage de la vieillesse, se dessine l&rsquo;ombre croissante de la solitude des \u00ab\u00a0laiss\u00e9s pour compte.\u00a0\u00bb Tandis que l&rsquo;image soci\u00e9tale des vieux se heurte aux jeunisme, dynamique, repoussant sans cesse les effets d\u00e9l\u00e9t\u00e8res du temps qui passe et nous questionne\u2026 Celle de ces reclus, dans le huis clos de leur chambre, livr\u00e9s \u00e0 l&rsquo;ennui des jours qui filent\u2026 Priv\u00e9s d&rsquo;\u00e9changes, d&rsquo;espoir et que l&rsquo;esprit et le corps ont abandonn\u00e9, pour ceux-l\u00e0 il existe un enfer invisible et mortif\u00e8re qui prend naissance dans le Rien !!\u2026 C&rsquo;\u00e9tait mieux avant ?? \u2026 Si jeunesse savait si vieillesse pouvait (vieil adage). Le burlesque et la farce de Ionesco font de ces quasi centenaire, d&rsquo;irr\u00e9sistibles humains \u00e0 d\u00e9fendre.<\/p>\n","protected":false},"excerpt":{"rendered":"<p>Note d\u2019intentions mise en sc\u00e8ne Ionesco n\u2019arrive jamais par hasard dans un parcours artistique, il est la confluence d\u2019un d\u00e9sir, de rencontres, d\u2019une opportunit\u00e9 (quasi mystique) et finalement d\u2019une \u00e9vidence ! Deux personnages d\u00e9sesp\u00e9r\u00e9s, des v\u00e9rit\u00e9s insoup\u00e7onn\u00e9es, une histoire d\u2019amour perp\u00e9tuelle \u2026 Voila les pistes de travail sugg\u00e9r\u00e9es aux com\u00e9diens. Soyez justes dans l\u2019absurde pour&hellip; <a class=\"more-link\" href=\"https:\/\/marclh.fr\/vanupieds\/?page_id=63\">Poursuivre la lecture <span class=\"screen-reader-text\">Mise en sc\u00e8ne et sc\u00e9nographie<\/span><\/a><\/p>\n","protected":false},"author":2,"featured_media":0,"parent":0,"menu_order":0,"comment_status":"closed","ping_status":"closed","template":"","meta":{"footnotes":""},"class_list":["post-63","page","type-page","status-publish","hentry","entry"],"_links":{"self":[{"href":"https:\/\/marclh.fr\/vanupieds\/index.php?rest_route=\/wp\/v2\/pages\/63","targetHints":{"allow":["GET"]}}],"collection":[{"href":"https:\/\/marclh.fr\/vanupieds\/index.php?rest_route=\/wp\/v2\/pages"}],"about":[{"href":"https:\/\/marclh.fr\/vanupieds\/index.php?rest_route=\/wp\/v2\/types\/page"}],"author":[{"embeddable":true,"href":"https:\/\/marclh.fr\/vanupieds\/index.php?rest_route=\/wp\/v2\/users\/2"}],"replies":[{"embeddable":true,"href":"https:\/\/marclh.fr\/vanupieds\/index.php?rest_route=%2Fwp%2Fv2%2Fcomments&post=63"}],"version-history":[{"count":9,"href":"https:\/\/marclh.fr\/vanupieds\/index.php?rest_route=\/wp\/v2\/pages\/63\/revisions"}],"predecessor-version":[{"id":244,"href":"https:\/\/marclh.fr\/vanupieds\/index.php?rest_route=\/wp\/v2\/pages\/63\/revisions\/244"}],"wp:attachment":[{"href":"https:\/\/marclh.fr\/vanupieds\/index.php?rest_route=%2Fwp%2Fv2%2Fmedia&parent=63"}],"curies":[{"name":"wp","href":"https:\/\/api.w.org\/{rel}","templated":true}]}}