{"id":68,"date":"2023-12-11T14:47:47","date_gmt":"2023-12-11T13:47:47","guid":{"rendered":"https:\/\/marclh.fr\/vanupieds\/?page_id=68"},"modified":"2024-01-13T15:34:08","modified_gmt":"2024-01-13T14:34:08","slug":"scenographe","status":"publish","type":"page","link":"https:\/\/marclh.fr\/vanupieds\/?page_id=68","title":{"rendered":"D\u00e9cors et Costumes"},"content":{"rendered":"\n<div class=\"wp-block-columns is-layout-flex wp-container-core-columns-is-layout-9d6595d7 wp-block-columns-is-layout-flex\">\n<div class=\"wp-block-column is-layout-flow wp-block-column-is-layout-flow\" style=\"flex-basis:100%\">\n<div class=\"wp-block-group\"><div class=\"wp-block-group__inner-container is-layout-constrained wp-block-group-is-layout-constrained\">\n<p class=\"has-text-align-center has-medium-font-size\"><strong>Note d\u2019intention sc\u00e9nographe :<\/strong><\/p>\n<p>\n\n\n\n<p><strong>Les chaises, un propos sans \u00e2ge.<\/strong> <br>Eug\u00e8ne Ionesco n\u00e9 en 1909 et traverse les ann\u00e9es 1930 entre vingt et trente ans. Il \u00e9voque cette p\u00e9riode rest\u00e9e dans sa m\u00e9moire comme un temps tr\u00e8s heureux. Il a d\u00e9j\u00e0 quarante-trois ans lorsqu\u2019il \u00e9crit Les Chaises et cette nostalgie des temps pass\u00e9s y imprime sa p\u00e2te. Le krach Boursier de 1929, l\u2019arriv\u00e9e d\u2019Hitler au pouvoir, la p\u00e9riode incertaine d\u2019un entre-deux guerres mais aussi une joie de vivre et une mani\u00e8re d\u2019insouciance. La fin d\u2019une classe, d\u2019un monde, d\u2019une certaine mani\u00e8re de vivre, d\u2019une fa\u00e7on de voir la soci\u00e9t\u00e9 avec des couches sociales si fortes qu\u2019elles pourraient faire penser \u00e0 des castes. Une sorte d\u2019\u00e9l\u00e9gance voulue parfois et parfois inn\u00e9e. Une sorte de parfum. La notion de nostalgie est une notion commune \u00e0 toutes les \u00e9poques. Bien entendu elle est diff\u00e9rente en fonction des p\u00e9riodes. On remarque pourtant que la nostalgie se place pratiquement toujours dans le cadre du souvenir d\u2019une \u00e9poque radieuse, lointaine, finie mais encore accessible. Cela sera le souvenir des g\u00e9n\u00e9rations qui nous ont pr\u00e9c\u00e9d\u00e9s imm\u00e9diatement plus que de celles qui repr\u00e9sentent des fondements plus \u00e9loign\u00e9s. La grand-m\u00e8re qui nous ber\u00e7ait dans l\u2019enfance nous parlait de sa jeunesse, de ce temps inconnu mais si familier.<\/p>\n\n\n\n<figure class=\"wp-block-table\"><table><tbody><tr><td><img loading=\"lazy\" decoding=\"async\" class=\"alignnone wp-image-49 size-medium\" style=\"width: 300px;\" src=\"https:\/\/marclh.fr\/vanupieds\/wp-content\/uploads\/2023\/12\/1-2-225x300.jpg\" alt=\"\" width=\"225\" height=\"300\" srcset=\"https:\/\/marclh.fr\/vanupieds\/wp-content\/uploads\/2023\/12\/1-2-225x300.jpg 225w, https:\/\/marclh.fr\/vanupieds\/wp-content\/uploads\/2023\/12\/1-2-768x1024.jpg 768w, https:\/\/marclh.fr\/vanupieds\/wp-content\/uploads\/2023\/12\/1-2-1152x1536.jpg 1152w, https:\/\/marclh.fr\/vanupieds\/wp-content\/uploads\/2023\/12\/1-2-1536x2048.jpg 1536w, https:\/\/marclh.fr\/vanupieds\/wp-content\/uploads\/2023\/12\/1-2-1568x2091.jpg 1568w, https:\/\/marclh.fr\/vanupieds\/wp-content\/uploads\/2023\/12\/1-2-scaled.jpg 1920w\" sizes=\"auto, (max-width: 225px) 100vw, 225px\" \/><\/td><td><img loading=\"lazy\" decoding=\"async\" class=\"alignnone wp-image-47 size-medium\" style=\"width: 250px;\" src=\"https:\/\/marclh.fr\/vanupieds\/wp-content\/uploads\/2023\/12\/ALEX-169x300.jpg\" alt=\"\" width=\"169\" height=\"300\" srcset=\"https:\/\/marclh.fr\/vanupieds\/wp-content\/uploads\/2023\/12\/ALEX-169x300.jpg 169w, https:\/\/marclh.fr\/vanupieds\/wp-content\/uploads\/2023\/12\/ALEX-576x1024.jpg 576w, https:\/\/marclh.fr\/vanupieds\/wp-content\/uploads\/2023\/12\/ALEX-768x1365.jpg 768w, https:\/\/marclh.fr\/vanupieds\/wp-content\/uploads\/2023\/12\/ALEX-864x1536.jpg 864w, https:\/\/marclh.fr\/vanupieds\/wp-content\/uploads\/2023\/12\/ALEX.jpg 1134w\" sizes=\"auto, (max-width: 169px) 100vw, 169px\" \/><\/td><\/tr><\/tbody><\/table><\/figure>\n\n\n\n<p>Les deux personnages des chaises sont toujours amoureux comme au premier jour. Ce sont encore des jeunes mari\u00e9s d\u2019y il a plus de soixante-quinze ans. Et le temps a pass\u00e9. Mais pas vraiment. Leur admiration amoureuse ou amour admiratif n\u2019a jamais cess\u00e9. Mais le temps a pass\u00e9. Partant de ce principe ils vivent depuis la nuit des temps dans ce logis dont il est le mar\u00e9chal. Et ce logis a vieilli aussi. Les belles tapisseries sont d\u00e9labr\u00e9es, les rideaux sont en loques, les deux amoureux sont toujours dans leurs atours de mariages qu\u2019ils ont gard\u00e9 le lendemain et le lendemain et toujours et encore maintenant. Ils sont beaux comme \u00e0 l\u2019\u00e9poque mais l\u2019\u00e9poque n\u2019est plus. Le d\u00e9cor est une succession de voiles en lambeaux et de couches en miettes. On y passe ais\u00e9ment \u00e0 travers. C\u2019est une fum\u00e9e. Les deux personnages sont toujours en habit de mariages. Ionesco s\u2019est mari\u00e9 en 1936. Front Populaire, cong\u00e9s pay\u00e9s, L\u00e9on Blum, Jean Zay . . . Les ann\u00e9es 30 ont dans les esprits d\u2019aujourd\u2019hui une sorte de parfum de poudre de riz, c\u2019est Ars\u00e8ne lupin, Hercule Poirot et Gatsby le Magnifique qui passent. Et pourtant le propos reste invariablement actuel. Il nous suffit de regarder autour de nous. \u00ab La nostalgie : la fianc\u00e9 des bons souvenirs qu\u2019on \u00e9claire \u00e0 la bougie. \u00bb (Grand Corps Malade)<\/p>\n\n\n\n<figure class=\"wp-block-table\"><table><tbody><tr><td class=\"has-text-align-right\" data-align=\"right\"><img loading=\"lazy\" decoding=\"async\" width=\"133\" height=\"200\" class=\"wp-image-27\" style=\"width: 133px;\" src=\"https:\/\/marclh.fr\/vanupieds\/wp-content\/uploads\/2023\/12\/varache.jpg\" alt=\"\"><\/td><td>Philippe Varache.<br> <a href=\"http:\/\/www.tabarmukk.eu\/\" data-type=\"link\" data-id=\"http:\/\/www.tabarmukk.eu\/\" target=\"_blank\" rel=\"noreferrer noopener\">\u00a0\u00bbTABARMUKK\u00a0\u00bb<\/a><\/td><\/tr><\/tbody><\/table><\/figure>\n<\/div><\/div>\n<\/div>\n<\/div>\n","protected":false},"excerpt":{"rendered":"<p>Note d\u2019intention sc\u00e9nographe : Les chaises, un propos sans \u00e2ge. Eug\u00e8ne Ionesco n\u00e9 en 1909 et traverse les ann\u00e9es 1930 entre vingt et trente ans. Il \u00e9voque cette p\u00e9riode rest\u00e9e dans sa m\u00e9moire comme un temps tr\u00e8s heureux. Il a d\u00e9j\u00e0 quarante-trois ans lorsqu\u2019il \u00e9crit Les Chaises et cette nostalgie des temps pass\u00e9s y imprime&hellip; <a class=\"more-link\" href=\"https:\/\/marclh.fr\/vanupieds\/?page_id=68\">Poursuivre la lecture <span class=\"screen-reader-text\">D\u00e9cors et Costumes<\/span><\/a><\/p>\n","protected":false},"author":2,"featured_media":0,"parent":0,"menu_order":0,"comment_status":"closed","ping_status":"closed","template":"","meta":{"footnotes":""},"class_list":["post-68","page","type-page","status-publish","hentry","entry"],"_links":{"self":[{"href":"https:\/\/marclh.fr\/vanupieds\/index.php?rest_route=\/wp\/v2\/pages\/68","targetHints":{"allow":["GET"]}}],"collection":[{"href":"https:\/\/marclh.fr\/vanupieds\/index.php?rest_route=\/wp\/v2\/pages"}],"about":[{"href":"https:\/\/marclh.fr\/vanupieds\/index.php?rest_route=\/wp\/v2\/types\/page"}],"author":[{"embeddable":true,"href":"https:\/\/marclh.fr\/vanupieds\/index.php?rest_route=\/wp\/v2\/users\/2"}],"replies":[{"embeddable":true,"href":"https:\/\/marclh.fr\/vanupieds\/index.php?rest_route=%2Fwp%2Fv2%2Fcomments&post=68"}],"version-history":[{"count":5,"href":"https:\/\/marclh.fr\/vanupieds\/index.php?rest_route=\/wp\/v2\/pages\/68\/revisions"}],"predecessor-version":[{"id":220,"href":"https:\/\/marclh.fr\/vanupieds\/index.php?rest_route=\/wp\/v2\/pages\/68\/revisions\/220"}],"wp:attachment":[{"href":"https:\/\/marclh.fr\/vanupieds\/index.php?rest_route=%2Fwp%2Fv2%2Fmedia&parent=68"}],"curies":[{"name":"wp","href":"https:\/\/api.w.org\/{rel}","templated":true}]}}